{"id":16,"date":"2015-11-30T10:27:24","date_gmt":"2015-11-30T09:27:24","guid":{"rendered":"http:\/\/localhost\/peter_grau\/?page_id=16"},"modified":"2019-05-02T19:52:14","modified_gmt":"2019-05-02T17:52:14","slug":"vita","status":"publish","type":"page","link":"https:\/\/www.petergrau-leichtathlet.de\/?page_id=16","title":{"rendered":"Kurz"},"content":{"rendered":"<p>Mitten im Krieg erblickte ich, Peter Grau,\u00a0 am 21. M\u00e4rz 1940 im th\u00fcringischen Erfurt das Licht der Welt. Luftschutzbunker, Bombenangriffe, \u00a0Gottseidank wenig Zerst\u00f6rungen in der Stadt, das sind meine Erinnerungen an diese Zeit. Wohlbeh\u00fctet von meiner Mutter- mein Vater war im Krieg geblieben- erlebte ich die Kindheit ohne gro\u00dfe Entbehrungen. \u00a0Grundschule, Oberschule und Abitur,\u00a0 alle H\u00fcrden wurden \u00fcberwunden. Meistens \u00fcberwog die Freude am Lernen. \u00a0Nach einem zweij\u00e4hrigen Zwischenspiel bei der Nationalen Volksarmee sammelte ich in \u00a0Berlin als Gesch\u00e4ftsbearbeiter beim Au\u00dfenhandelsunternehmen \u201eWMW-Export\u201c\u00a0 erste Berufserfahrungen.<\/p>\n<p>Die folgenden vier Jahre studierte ich an der wirtschaftswissenschaftlichen Fakult\u00e4t der Berliner Humboldt-Universit\u00e4t in der Fachrichtung Finanz\u00f6konomie, Spezialzweig Geld und Kredit, und schlo\u00df als Diplomwirtschaftler ab.<\/p>\n<p>Anschlie\u00dfend arbeitete ich ab 1966 als Hauptreferent bei der Deutschen Investitionsbank in Berlin und nach der Umbildung des Bankensystems in der Zentrale der Staatsbank, mit der speziellen Aufgabe, die Bezirks-und Kreisfilialen anzuleiten sowie aus der Analyse der Geldeinnahmen und Geldausgaben der Bev\u00f6lkerung Schlu\u00dffolgerungen f\u00fcr die Entwicklung der Geldmenge zu ziehen.<\/p>\n<p>1973 mu\u00dfte ich mir eine neue Arbeit suchen, weil ich nicht bereit war, die Kontakte zu meinen Verwandten in Westdeutschland abzubrechen. Allerdings brachte das den Vorzug, da\u00df ich in meiner neuen Arbeitsstelle, dem Berliner Institut f\u00fcr Internationale Politik und Wirtschaft (IPW), westliche Tageszeitungen, Zeitschriften und B\u00fcchern\u00a0 auswerten durfte. Als wissenschaftlicher Mitarbeiter analysierte ich die Wirtschaftspolitik und die Wirtschaftsentwicklung in den westlichen L\u00e4ndern.<\/p>\n<p>1978 r\u00fcckte ich beruflich n\u00e4her an den Sport heran, arbeitete f\u00fcr ein halbes Jahr im Bundesvorstand des Deutschen Turn-und Sportbundes in der Abteilung Breitensport und war dort f\u00fcr die Pressearbeit und die Zusammenarbeit mit Verlagen und wissenschaftlichen Einrichtungen verantwortlich.<\/p>\n<p>Ab 1979 arbeitete ich als Redakteur der Zeitschrift \u00a0\u201e Prisma\u201c, die von der Auslandpresseagentur Panorama DDR in Berlin herausgegeben wurde. Viertelj\u00e4hrlich wurden in Deutsch,\u00a0 Englisch und Franz\u00f6sisch die \u201eSchokoladenseiten\u201c der DDR nacherz\u00e4hlt, um sie dann im Ausland zu verbreiten.<\/p>\n<p>Kleine, aber nicht unwesentliche Notiz am Rande: Obwohl ich seit 1966 stets in staats-bzw. parteinahen Betrieben arbeitete, \u00a0war ich niemals Mitglied der Staatspartei SED oder anderer Parteien, nicht bei den Betriebs-Kampfgruppen und auch nicht bei der Stasi.<\/p>\n<p>Seit 1974, als ich aktiv mit Laufen anfing, baute ich mir gewisserma\u00dfen eine Nische im Sport auf. \u00a0Ausdruck dessen war auch, da\u00df ich auf Honorarbasis bei der Wochenzeitung \u201e Der Leichtathlet\u201c arbeitete, als Verfasser von Beitr\u00e4gen, als Gestalter und Korrektor. \u00a0Und damit zeichnete sich schon mein sp\u00e4terer Berufsweg ab.<\/p>\n<p>Um diese Arbeit hauptberuflich aus\u00fcben zu k\u00f6nnen, wechselte ich am 1. August 1988 in die Redaktion \u201e Der Leichtathlet\u201c, war dort der einzige fest angestellte Redakteur. Im August 1989 wurde ich Redaktionsleiter und \u00fcbte diese T\u00e4tigkeit bis zur Vereinigung von \u201e Der Leichtathlet\u201c mit der K\u00f6lner \u201e Leichtathletik\u201c aus.\u00a0 Ab Oktober 1990 war ich Redakteur der Zeitschrift \u201e Leichtathletik\u201c, anfangs f\u00fcr drei Jahre als Festangestellter und sp\u00e4ter als freier Mitarbeiter. In den folgenden Jahren durfte ich \u00fcber die Leichtathletik aus aller Welt berichten. H\u00f6hepunkte waren dabei \u00a0neben den Deutschen Meisterschaften die Welt- und Europameisterschaften, so u.a. die WM 1993\u00a0 in Stuttgart, die Hallen-EM 1994 in Paris, die EM 1994 in Helsinki, die Hallen-WM 1995 in Barcelona, die WM 1995 in G\u00f6teborg, die Hallen-EM 1996 in Stockholm, die Hallen-WM 1997 in Paris, die WM 1997 in Athen, die EM 1998 in Budapest, die EM 2002 in M\u00fcnchen und die \u00a0WM 2009 in Berlin.<\/p>\n<p>Am 1. Februar 2019 heiratete ich meine langj\u00e4hrige Lebenspartnerin Ruth Scheerer und hei\u00dfe seitdem Peter Scheerer.<\/p>\n","protected":false},"excerpt":{"rendered":"<p>Mitten im Krieg erblickte ich, Peter Grau,\u00a0 am 21. M\u00e4rz 1940 im th\u00fcringischen Erfurt das Licht der Welt. Luftschutzbunker, Bombenangriffe, \u00a0Gottseidank wenig Zerst\u00f6rungen in der Stadt, das sind meine Erinnerungen an diese Zeit. Wohlbeh\u00fctet von meiner Mutter- mein Vater war im Krieg geblieben- erlebte ich die Kindheit ohne gro\u00dfe Entbehrungen. \u00a0Grundschule, Oberschule und Abitur,\u00a0 alle &hellip; <a href=\"https:\/\/www.petergrau-leichtathlet.de\/?page_id=16\" class=\"more-link\"><span class=\"screen-reader-text\">Kurz<\/span> weiterlesen <span class=\"meta-nav\">&rarr;<\/span><\/a><\/p>\n","protected":false},"author":1,"featured_media":44,"parent":9,"menu_order":0,"comment_status":"closed","ping_status":"closed","template":"","meta":[],"_links":{"self":[{"href":"https:\/\/www.petergrau-leichtathlet.de\/index.php?rest_route=\/wp\/v2\/pages\/16"}],"collection":[{"href":"https:\/\/www.petergrau-leichtathlet.de\/index.php?rest_route=\/wp\/v2\/pages"}],"about":[{"href":"https:\/\/www.petergrau-leichtathlet.de\/index.php?rest_route=\/wp\/v2\/types\/page"}],"author":[{"embeddable":true,"href":"https:\/\/www.petergrau-leichtathlet.de\/index.php?rest_route=\/wp\/v2\/users\/1"}],"replies":[{"embeddable":true,"href":"https:\/\/www.petergrau-leichtathlet.de\/index.php?rest_route=%2Fwp%2Fv2%2Fcomments&post=16"}],"version-history":[{"count":7,"href":"https:\/\/www.petergrau-leichtathlet.de\/index.php?rest_route=\/wp\/v2\/pages\/16\/revisions"}],"predecessor-version":[{"id":14720,"href":"https:\/\/www.petergrau-leichtathlet.de\/index.php?rest_route=\/wp\/v2\/pages\/16\/revisions\/14720"}],"up":[{"embeddable":true,"href":"https:\/\/www.petergrau-leichtathlet.de\/index.php?rest_route=\/wp\/v2\/pages\/9"}],"wp:featuredmedia":[{"embeddable":true,"href":"https:\/\/www.petergrau-leichtathlet.de\/index.php?rest_route=\/wp\/v2\/media\/44"}],"wp:attachment":[{"href":"https:\/\/www.petergrau-leichtathlet.de\/index.php?rest_route=%2Fwp%2Fv2%2Fmedia&parent=16"}],"curies":[{"name":"wp","href":"https:\/\/api.w.org\/{rel}","templated":true}]}}