{"id":31,"date":"2015-11-30T10:33:27","date_gmt":"2015-11-30T09:33:27","guid":{"rendered":"http:\/\/localhost\/peter_grau\/?page_id=31"},"modified":"2019-04-11T18:06:33","modified_gmt":"2019-04-11T16:06:33","slug":"impressum","status":"publish","type":"page","link":"https:\/\/www.petergrau-leichtathlet.de\/?page_id=31","title":{"rendered":"Impressum"},"content":{"rendered":"<p>IMPRESSUM<\/p>\n<p>Verantwortlich f\u00fcr den Inhalt:<\/p>\n<p>Peter Scheerer<\/p>\n<p>Friedrich-Ebert-Str. 2<\/p>\n<p>16816 Neuruppin<\/p>\n<p>Kontakt:<\/p>\n<p>e-mail: petergrau@aol.com<\/p>\n<p><strong>Urheberrecht \u00a0\u00a0\u00a0<\/strong><\/p>\n<p>Die Gestaltung des Angebots sowie die inhaltlichen Beitr\u00e4ge dieser Seite sind urheberrechtlich gesch\u00fctzt. Dies gilt insbesondere f\u00fcr Texte, Bilder, Grafiken, Ton-, Video-, oder Animationsdateien einschlie\u00dflich deren Anordnung auf den Web-Seiten. Ver\u00e4nderungen hieran d\u00fcrfen nicht vorgenommen werden.<\/p>\n<p>Die Ver\u00f6ffentlichung (auch im Internet), \u00a0Verarbeitung oder gewerbliche Nutzung aller Inhalte (oder Teilen davon) darf nur nach vorheriger Genehmigung des Herausgebers erfolgen.<\/p>\n<p><strong>Haftungsausschlu\u00df<\/strong><\/p>\n<p>Die Informationen auf dieser Website wurden nach bestem Wissen und Gewissen sorgf\u00e4ltig zusammengestellt und gepr\u00fcft. Es wird jedoch keine Gew\u00e4hr &#8211; weder ausdr\u00fccklich noch stillschweigend &#8211; f\u00fcr die Vollst\u00e4ndigkeit, Richtigkeit oder Aktualit\u00e4t sowie die jederzeitige Verf\u00fcgbarkeit der bereit gestellten Informationen \u00fcbernommen. Eine Haftung f\u00fcr Sch\u00e4den, die aus der Nutzung oder Nichtnutzung der auf dieser Website angebotenen Informationen entstehen, ist &#8211; soweit gesetzlich zul\u00e4ssig &#8211; ausgeschlossen. Ebenfalls wird f\u00fcr etwaige Sch\u00e4den, die beim Aufrufen oder Herunterladen von Daten durch Computerviren oder bei der Installation oder Nutzung von Software verursacht werden, nur im Rahmen der gesetzlichen Bestimmungen gehaftet.<\/p>\n<p><strong>Webseiten dritter Anbieter\/Links<\/strong><\/p>\n<p>Diese Seite enth\u00e4lt auch entsprechend gekennzeichnete Links oder Verweise auf Websites Dritter. Durch den Link wird nur der Zugang zur Nutzung dieser Inhalte erm\u00f6glicht. Eine Zustimmung zu den Inhalten der verlinkten Seiten Dritter ist damit nicht verbunden. Es wird daher keine Verantwortung f\u00fcr die Verf\u00fcgbarkeit oder den Inhalt solcher Websites \u00fcbernommen und keine Haftung f\u00fcr Sch\u00e4den oder Verletzungen, die aus der Nutzung &#8211; gleich welcher Art &#8211; solcher Inhalte entstehen. Hierf\u00fcr haftet allein der Anbieter der jeweiligen Seite.<\/p>\n<p>Mit Urteil vom 12. Mai 1998 hat das Landgericht Hamburg entschieden, dass man durch die Anbringung eines Links die Inhalte der gelinkten Seite ggf. mit zu verantworten hat. Dies kann, so das LG, nur dadurch verhindert werden, dass man sich ausdr\u00fccklich von diesen Inhalten distanziert. Ich m\u00f6chte ausdr\u00fccklich betonen, dass ich keinerlei Einfluss auf die Gestaltung und die Inhalte der gelinkten Seiten habe. Deshalb distanziere ich mich hiermit ausdr\u00fccklich von allen Inhalten aller gelinkter Seiten und mache mir diese nicht zu eigen. Diese Erkl\u00e4rung gilt f\u00fcr alle innerhalb meiner Seiten ausgebrachten Links und f\u00fcr alle Inhalte der Seiten, zu denen diese Links f\u00fchren.<\/p>\n<p>Der Herausgeber dieser Homepage \u00fcbernimmt keinerlei Gew\u00e4hr f\u00fcr die Aktualit\u00e4t, Korrektheit, Vollst\u00e4ndigkeit oder Qualit\u00e4t der bereitgestellten Informationen. Der Herausgeber beh\u00e4lt es sich ausdr\u00fccklich vor, Teile der Seiten oder das gesamte Angebot ohne gesonderte Ank\u00fcndigung zu ver\u00e4ndern, zu erg\u00e4nzen, zu l\u00f6schen oder die Ver\u00f6ffentlichung zeitweise oder endg\u00fcltig einzustellen. Haftungsanspr\u00fcche gegen den Inhaber, die sich auf Sch\u00e4den materieller oder ideeller Art beziehen, welche durch die Nutzung oder Nichtnutzung der dargebotenen Informationen bzw. durch die Nutzung fehlerhafter und unvollst\u00e4ndiger Informationen verursacht wurden, sind ausgeschlossen.<\/p>\n<p><strong>Datenschutzerkl\u00e4rung<\/strong><\/p>\n<p>Mit dieser Datenschutzerkl\u00e4rung m\u00f6chten wir Sie \u00fcber Art, Umfang und Zweck der Verarbeitung von personenbezogenen Daten auf unserer Webseite aufkl\u00e4ren. Personenbezogene Daten sind alle Daten, die einen pers\u00f6nlichen Bezug zu Ihnen aufweisen, z. B. Name, Adresse, E-Mail-Adresse oder Nutzerverhalten.<\/p>\n<p>Verantwortlich f\u00fcr die Datenverarbeitung:<\/p>\n<p>Peter Scheerer<\/p>\n<p>Webhosting:<\/p>\n<p>Wir bedienen uns zum Vorhalten unserer Onlinepr\u00e4senz eines Internet-Service-Providers, auf dessen Server die Webseite gespeichert wird (Hosting) und der unsere Seite im Internet verf\u00fcgbar macht. Hierbei verarbeitet der Internet-Service-Provider in unserem Auftrag Kontaktdaten, Inhaltsdaten, Vertragsdaten, Nutzungsdaten, Bestandsdaten sowie Meta- und Kommunikationsdaten. Rechtsgrundlage: Rechtsgrundlage f\u00fcr die vorbeschriebene Verarbeitung ist unser berechtigtes Interesse an einer effizienten und sicheren Zurverf\u00fcgungstellung unseres Onlineangebotes, Art. 6 Abs. 1 lit. f DSGVO i. V. m. Art. 28 DSGVO (Auftragsverarbeitungsvertrag). Sofern Sie unsere Webseite lediglich informatorisch nutzen, werden von unserem Internet-Service-Provider nur diejenigen personenbezogenen Daten erhoben, die der von Ihnen verwendete Browser an dessen Server \u00fcbermittelt. Das sind folgende Daten:<\/p>\n<p>\u2022 IP-Adresse<\/p>\n<p>\u2022 das Datum und die Uhrzeit des Zugriffs auf unsere Internetseite<\/p>\n<p>\u2022 Zeitzonendifferenz zur Greenwich Mean Time (GMT)<\/p>\n<p>\u2022 Zugriffsstatus (HTTP-Status)<\/p>\n<p>\u2022 die \u00fcbertragene Datenmenge<\/p>\n<p>\u2022 der Internet-Service-Provider des zugreifenden Systems<\/p>\n<p>\u2022 der von Ihnen verwendete Browsertyp und dessen Version<\/p>\n<p>\u2022 das von Ihnen verwendete Betriebssystem<\/p>\n<p>\u2022 die Internetseite, von welcher Sie gegebenenfalls auf unsere Internetseite gelangt sind<\/p>\n<p>\u2022 die Seiten bzw. Unterseiten, welche Sie auf unserer Internetseite besuchen.<\/p>\n<p>Die vorgenannten Daten werden als Logfiles auf den Servern unseres Internet-Service-Providers gespeichert. Dies ist erforderlich, um die Webseite auf dem von Ihnen genutzten Endger\u00e4t darstellen zu k\u00f6nnen, sowie die Stabilit\u00e4t und Sicherheit zu gew\u00e4hrleisten. In den vorstehenden Zwecken liegt unser berechtigtes Interesse an der Datenverarbeitung. Rechtsgrundlage: Rechtsgrundlage hierf\u00fcr ist Art. 6 Abs. 1 S. 1 lit. f DSGVO. Dauer: Die vorstehenden Daten zur Bereitstellung unserer Webseite werden f\u00fcr die Dauer von 7 Tagen gespeichert und dann gel\u00f6scht. Verhinderung: Da die Verarbeitung der vorstehenden Daten f\u00fcr die Bereitstellung unseres Internetauftritts zwingend erforderlich ist, besteht kein Widerspruchsrecht.<\/p>\n<p>Cookies:<\/p>\n<p>Unsere Internetseite nutzt Cookies. Bei Cookies handelt es sich um kleine Textdateien, bestehend aus einer Reihe von Zahlen und Buchstaben, die auf dem von Ihnen genutzten Endger\u00e4t abgelegt und gespeichert werden. Cookies \u00fcbertragen weder Viren noch k\u00f6nnen sie Programme ausf\u00fchren. Vielmehr dienen sie vorrangig dazu, Informationen zwischen dem von Ihnen genutzten Endger\u00e4t und unserer Webseite auszutauschen, um unser Internetangebot f\u00fcr Sie nutzerfreundlicher und effektiver zu machen. Dabei ist zu unterscheiden zwischen tempor\u00e4ren (transienten) Cookies und persistenten Cookies. Zu den transienten Cookies z\u00e4hlen insbesondere die Session-Cookies. Diese speichern eine sogenannte Session-ID, mit welcher sich verschiedene Anfragen Ihres Browsers der gemeinsamen Sitzung zuordnen lassen. Dadurch erkennt unsere Webseite Ihren Rechner wieder, wenn Sie auf unsere Webseite zur\u00fcckkehren. Die Session-Cookies werden gel\u00f6scht, wenn Sie sich ausloggen oder Ihren Browser schlie\u00dfen. Persistente Cookies werden automatisiert nach einer vorgegebenen Dauer gel\u00f6scht, die sich je nach Cookie unterscheiden kann. Sie haben die M\u00f6glichkeit, diese Cookies in den Sicherheitseinstellungen Ihres Browsers jederzeit zu l\u00f6schen. Die Cookies dienen dazu, unsere Website nutzerfreundlicher zu gestalten. Einige Elemente unserer Internetseite erfordern es, dass der aufrufende Browser auch nach einem Seitenwechsel identifiziert werden kann. In diesen Cookies k\u00f6nnen insbesondere Informationen zu Spracheinstellungen oder Log-In-Informationen gespeichert sein. In den vorstehenden Zwecken liegt unser berechtigtes Interesse an der Datenverarbeitung. Rechtsgrundlage hierf\u00fcr ist Art. 6 Abs. 1 S. 1 lit. f DSGVO. Da die Cookies auf Ihrem Computer gespeichert werden, haben Sie als Nutzer auch die volle Kontrolle \u00fcber die Verwendung von Cookies. Sie haben die M\u00f6glichkeit, \u00fcber die Sicherheitseinstellungen Ihres Browsers festzulegen, ob Cookies \u00fcberhaupt gespeichert werden. Sie k\u00f6nnen etwa von vornherein keine oder nur auf Nachfrage Cookies akzeptieren oder aber festlegen, dass Cookies nach jedem Schlie\u00dfen Ihres Browsers gel\u00f6scht werden. Werden Cookies f\u00fcr unsere Website deaktiviert, k\u00f6nnen m\u00f6glicherweise nicht mehr alle Funktionen der Website vollumf\u00e4nglich genutzt werden.<\/p>\n<p>Speicherdauer\/L\u00f6schung:<\/p>\n<p>Wir l\u00f6schen oder sperren Ihre personenbezogenen Daten, sobald der Zweck der Speicherung erreicht ist oder entf\u00e4llt. Eine dar\u00fcberhinausgehende Speicherung erfolgt nur, wenn uns dies durch nationale oder europ\u00e4ische Vorschriften aufgegeben wird. Eine Sperrung oder L\u00f6schung der Daten erfolgt in diesem Fall dann, wenn die in den jeweiligen Vorschriften vorgeschriebene Speicherfrist abgelaufen ist, es sei denn wir ben\u00f6tigen Ihre Daten zur Erf\u00fcllung eines zwischen uns geschlossenen Vertrages oder wenn dies zur Geltendmachung, Aus\u00fcbung oder Verteidigung von Rechtsanspr\u00fcchen erforderlich ist.<\/p>\n<p>Kontaktaufnahme:<\/p>\n<p>Umfang: Soweit Sie das auf unserer Internetpr\u00e4senz angebotene Kontaktformular nutzen oder uns per E-Mail, Telefon, oder sozialer Medien ansprechen und uns hier\u00fcber personenbezogene Daten zur Verf\u00fcgung stellen, werden diese Daten zur Verarbeitung Ihrer Anfrage in unserem Hause automatisch gespeichert und weiterverarbeitet. Diese Daten werden nur zur Korrespondenz mit Ihnen verarbeitet. Die Daten\u00fcbermittlung erfolgt \u00fcber eine verschl\u00fcsselte SSL- Verbindung. Eine Weitergabe Ihrer Daten an Dritte erfolgt nicht.<\/p>\n<p>Zweck: Ihren Namen ben\u00f6tigen wir, um Sie in unserer Antwort ansprechen zu k\u00f6nnen. Ihre E-Mail-Adresse ben\u00f6tigen wir, um Ihre Anfrage beantworten zu k\u00f6nnen. Ihre Telefonnummer ben\u00f6tigen wir, um Ihrer R\u00fcckrufbitte nachkommen zu k\u00f6nnen.<\/p>\n<p>Rechtsgrundlage: Die Rechtsgrundlage f\u00fcr die vorbeschriebene Nutzung der Daten ist Art. 6 Abs.1 lit. a DSGVO<\/p>\n<p>L\u00f6schung: Die von uns erhobenen personenbezogenen Daten werden gel\u00f6scht, sofern sie nicht mehr erforderlich sind. Wir \u00fcberpr\u00fcfen die Erforderlichkeit alle 2 Jahre. Au\u00dferdem k\u00f6nnen Sie die Datenverarbeitung jederzeit widerrufen.<\/p>\n<p>Verhinderung: Sie k\u00f6nnen die Speicherung und Verarbeitung Ihrer personenbezogenen Daten verhindern, indem Sie davon absehen das Kontaktformular zu nutzen<\/p>\n<p>&nbsp;<\/p>\n<p>Ihre Rechte als Nutzer nach der DSGVO:<\/p>\n<p>Nach der DSGVO stehen Ihnen die nachfolgend aufgef\u00fchrten Rechte zu, die Sie jederzeit bei dem in Ziffer 1. dieser Datenschutzerkl\u00e4rung genannten Verantwortlichen geltend machen k\u00f6nnen:<\/p>\n<p>\u2022 Recht auf Auskunft: Sie k\u00f6nnen nach Art. 15 DSGVO eine Best\u00e4tigung dar\u00fcber verlangen, ob und welche personenbezogenen Daten wir von Ihnen verarbeiten. Dar\u00fcber hinaus k\u00f6nnen Sie von uns unentgeltlich Auskunft \u00fcber die Verarbeitungszwecke, die Kategorie der personenbezogenen Daten, die Kategorien von Empf\u00e4ngern, gegen\u00fcber denen Ihre Daten offengelegt wurden oder werden, die geplante Speicherdauer, das Bestehen eines Rechts auf Berichtigung, L\u00f6schung, Einschr\u00e4nkung der Verarbeitung oder Widerspruch, das Bestehen eines Beschwerderechts sowie die Herkunft ihrer Daten, sofern diese nicht bei uns erhoben wurden, verlangen. Ferner steht Ihnen ein Auskunftsrecht dar\u00fcber zu, ob Ihre personenbezogenen Daten an ein Drittland oder an eine internationale Organisation \u00fcbermittelt wurden. Sofern dies der Fall ist, steht Ihnen das Recht zu, Auskunft \u00fcber die geeigneten Garantien im Zusammenhang mit der \u00dcbermittlung zu erhalten.<\/p>\n<p>\u2022 Recht auf Berichtigung: Gem\u00e4\u00df Art. 16 DSGVO k\u00f6nnen Sie die Berichtigung unrichtiger oder Vervollst\u00e4ndigung unvollst\u00e4ndiger der bei uns gespeicherten und Sie betreffenden personenbezogenen Daten verlangen.<\/p>\n<p>\u2022 Recht auf L\u00f6schung: Gem\u00e4\u00df Art. 17 DSGVO steht Ihnen das Recht zu, die L\u00f6schung Ihrer bei uns gespeicherten personenbezogenen Daten zu verlangen, soweit wir deren Verarbeitung nicht zu folgenden Zwecken ben\u00f6tigen:<\/p>\n<p>\u2022 zur Erf\u00fcllung einer rechtlichen Verpflichtung,<\/p>\n<p>\u2022 zur Geltendmachung, Aus\u00fcbung oder Verteidigung von Rechtsanspr\u00fcchen,<\/p>\n<p>\u2022 zur Aus\u00fcbung des Rechts auf freie Meinungs\u00e4u\u00dferung und Information oder<\/p>\n<p>\u2022 aus Gr\u00fcnden der in Art. 17 Abs. 3 lit c und d DSGVO genannten F\u00e4lle des \u00f6ffentlichen Interesses.<\/p>\n<p>\u2022 Recht auf Einschr\u00e4nkung: Gem\u00e4\u00df Art. 18 DSGVO haben Sie das Recht, die Einschr\u00e4nkung der Verarbeitung Ihrer personenbezogenen Daten zu verlangen, wenn<\/p>\n<p>\u2022 die Richtigkeit der Daten von Ihnen bestritten wird, und zwar f\u00fcr eine Dauer, die es uns erm\u00f6glicht, die Richtigkeit der personenbezogenen Daten zu \u00fcberpr\u00fcfen,<\/p>\n<p>\u2022 die Verarbeitung Ihrer Daten unrechtm\u00e4\u00dfig ist, Sie aber deren L\u00f6schung ablehnen und stattdessen die Einschr\u00e4nkung der Nutzung der Daten verlangen,<\/p>\n<p>\u2022 wir die personenbezogenen Daten f\u00fcr die Zwecke der Verarbeitung nicht l\u00e4nger ben\u00f6tigen, Sie die Daten jedoch zur Geltendmachung, Aus\u00fcbung oder Verteidigung von Rechtsanspr\u00fcchen ben\u00f6tigen<\/p>\n<p>\u2022 Sie gem\u00e4\u00df Art. 21 DSGVO Widerspruch gegen die Verarbeitung Ihrer Daten eingelegt haben, es aber noch nicht feststeht, ob die berechtigten Gr\u00fcnde, die uns trotz Ihres Widerspruches zu einer weiteren Verarbeitung berechtigten, Ihre Rechte \u00fcberwiegen.<\/p>\n<p>\u2022 Recht auf Unterrichtung: Sofern Sie das Recht auf Berichtigung, L\u00f6schung oder Einschr\u00e4nkung der Verarbeitung gegen\u00fcber uns geltend gemacht haben, sind wir verpflichtet, allen Empf\u00e4ngern, denen gegen\u00fcber die Sie betreffenden personenbezogene Daten offengelegt wurden, die von Ihnen verlangte Berichtigung oder L\u00f6schung der Daten oder deren Einschr\u00e4nkung der Verarbeitung mitzuteilen, es sei denn, dies erweist sich als unm\u00f6glich oder ist mit einem unverh\u00e4ltnism\u00e4\u00dfigen Aufwand verbunden. Ihnen steht das Recht zu, von uns \u00fcber diese Empf\u00e4nger unterrichtet zu werden.<\/p>\n<p>\u2022 Recht auf Daten\u00fcbertragbarkeit: Gem\u00e4\u00df Art. 20 DSGVO k\u00f6nnen Sie verlangen, dass wir die Sie betreffenden personenbezogenen Daten, die Sie uns bereitgestellt haben, in einem strukturierten, g\u00e4ngigen und maschinenlesebaren Format zu erhalten oder die \u00dcbermittlung an einen anderen Verantwortlichen zu verlangen.<\/p>\n<p>\u2022 Beschwerderecht: Nach Art. 77 DSGVO haben Sie das Recht, sich bei einer Aufsichtsbeh\u00f6rde zu beschweren. Hierf\u00fcr k\u00f6nnen Sie sich an die Aufsichtsbeh\u00f6rde Ihres \u00fcblichen Aufenthaltsortes, Ihres Arbeitsplatzes oder unseres Firmensitzes wenden.<\/p>\n<p>Widerrufsrecht:<\/p>\n<p>Gem\u00e4\u00df Art. 7 Abs. 3 DSGVO steht Ihnen das Recht zu, Ihre erteilte Einwilligung in die Verarbeitung Ihrer Daten jederzeit uns gegen\u00fcber zu widerrufen. Der von Ihnen erkl\u00e4rte Widerruf \u00e4ndert nichts an der Rechtm\u00e4\u00dfigkeit der bis zum Widerruf erfolgten Verarbeitung Ihrer personenbezogenen Daten.<\/p>\n<p>Widerspruchsrecht:<\/p>\n<p>Sie haben das Recht, aus Gr\u00fcnden, die sich aus Ihrer besonderen Situation ergeben, jederzeit gegen die Verarbeitung der Sie betreffenden personenbezogenen Daten, die aufgrund einer Interessenabw\u00e4gung (Art. 6 Abs. 1 lit. f DSGVO) erfolgt, Widerspruch einzulegen. Dies ist insbesondere dann der Fall, wenn die Datenverarbeitung nicht zur Erf\u00fcllung eines Vertrages erforderlich ist. Sofern Sie von Ihrem Widerspruchsrecht Gebrauch machen, bitten wir Sie um die Darlegung der Gr\u00fcnde. Wir werden Ihre personenbezogenen Daten dann nicht mehr verarbeiten, es sei denn, wir k\u00f6nnen Ihnen gegen\u00fcber nachweisen, dass zwingende schutzw\u00fcrdige Gr\u00fcnde an der Datenverarbeitung Ihre Interessen und Rechte \u00fcberwiegen. Unabh\u00e4ngig vom vorstehend Gesagten, haben Sie das jederzeitige Recht, der Verarbeitung Ihrer personenbezogenen Daten f\u00fcr Zwecke der Werbung und Datenanalyse zu widersprechen. Ihren Widerspruch richten Sie bitte an die oben angegebene Kontaktadresse des Verantwortlichen.<\/p>\n<p>Sicherheitsma\u00dfnahmen:<\/p>\n<p>Wir treffen im \u00dcbrigen technische und organisatorische Sicherheitsma\u00dfnahmen nach dem Stand der Technik, um die Vorschriften der Datenschutzgesetze einzuhalten und Ihre Daten gegen zuf\u00e4llige oder vors\u00e4tzliche Manipulationen, teilweisen oder vollst\u00e4ndigen Verlust, Zerst\u00f6rung oder gegen den unbefugten Zugriff Dritter zu sch\u00fctzen.<\/p>\n<p>Aktualit\u00e4t und \u00c4nderung der Datenschutzerkl\u00e4rung:<\/p>\n<p>Diese Datenschutzerkl\u00e4rung ist aktuell g\u00fcltig und hat den Stand Juni 2018. Aufgrund ge\u00e4nderter gesetzlicher bzw. beh\u00f6rdlicher Vorgaben kann es notwendig werden, diese Datenschutzerkl\u00e4rung anzupassen. Diese Datenschutzerkl\u00e4rung wurde mit Hilfe des Datenschutzerkl\u00e4rungs-Generators von SOS Recht erstellt. SOS Recht ist ein Angebot der MMR M\u00fcller M\u00fcller R\u00f6\u00dfner Rechtsanw\u00e4lte Partnerschaft mit Sitz in Berlin.<\/p>\n<p>&nbsp;<\/p>\n","protected":false},"excerpt":{"rendered":"<p>IMPRESSUM Verantwortlich f\u00fcr den Inhalt: Peter Scheerer Friedrich-Ebert-Str. 2 16816 Neuruppin Kontakt: e-mail: petergrau@aol.com Urheberrecht \u00a0\u00a0\u00a0 Die Gestaltung des Angebots sowie die inhaltlichen Beitr\u00e4ge dieser Seite sind urheberrechtlich gesch\u00fctzt. Dies gilt insbesondere f\u00fcr Texte, Bilder, Grafiken, Ton-, Video-, oder Animationsdateien einschlie\u00dflich deren Anordnung auf den Web-Seiten. Ver\u00e4nderungen hieran d\u00fcrfen nicht vorgenommen werden. Die Ver\u00f6ffentlichung (auch &hellip; <a href=\"https:\/\/www.petergrau-leichtathlet.de\/?page_id=31\" class=\"more-link\"><span class=\"screen-reader-text\">Impressum<\/span> weiterlesen <span class=\"meta-nav\">&rarr;<\/span><\/a><\/p>\n","protected":false},"author":1,"featured_media":0,"parent":0,"menu_order":0,"comment_status":"closed","ping_status":"closed","template":"","meta":[],"_links":{"self":[{"href":"https:\/\/www.petergrau-leichtathlet.de\/index.php?rest_route=\/wp\/v2\/pages\/31"}],"collection":[{"href":"https:\/\/www.petergrau-leichtathlet.de\/index.php?rest_route=\/wp\/v2\/pages"}],"about":[{"href":"https:\/\/www.petergrau-leichtathlet.de\/index.php?rest_route=\/wp\/v2\/types\/page"}],"author":[{"embeddable":true,"href":"https:\/\/www.petergrau-leichtathlet.de\/index.php?rest_route=\/wp\/v2\/users\/1"}],"replies":[{"embeddable":true,"href":"https:\/\/www.petergrau-leichtathlet.de\/index.php?rest_route=%2Fwp%2Fv2%2Fcomments&post=31"}],"version-history":[{"count":7,"href":"https:\/\/www.petergrau-leichtathlet.de\/index.php?rest_route=\/wp\/v2\/pages\/31\/revisions"}],"predecessor-version":[{"id":14708,"href":"https:\/\/www.petergrau-leichtathlet.de\/index.php?rest_route=\/wp\/v2\/pages\/31\/revisions\/14708"}],"wp:attachment":[{"href":"https:\/\/www.petergrau-leichtathlet.de\/index.php?rest_route=%2Fwp%2Fv2%2Fmedia&parent=31"}],"curies":[{"name":"wp","href":"https:\/\/api.w.org\/{rel}","templated":true}]}}