{"id":79,"date":"2015-11-30T15:59:57","date_gmt":"2015-11-30T14:59:57","guid":{"rendered":"http:\/\/localhost\/peter_grau\/?page_id=79"},"modified":"2025-08-06T08:45:03","modified_gmt":"2025-08-06T06:45:03","slug":"startseite","status":"publish","type":"page","link":"https:\/\/www.petergrau-leichtathlet.de\/","title":{"rendered":"Einladung zum Lesen und Schauen"},"content":{"rendered":"<p>Auf meiner Homepage findet alles Platz:\u00a0 Geschichten \u00fcber Land und Leute, Reportagen, Tageserlebnisse. Und nat\u00fcrlich viel Eigenes, von fr\u00fcher und heute.<\/p>\n<p>Mit dem Jahr 2025 werde ich jedoch eine Z\u00e4sur vornehmen.<\/p>\n<p>K\u00fcnftige Beitr\u00e4ge werden fast ausschlie\u00dflich im <strong>\u201eTagebuch\u201c<\/strong> erscheinen.\u00a0<\/p>\n<p>Alle anderen Rubriken werden nur noch sporadisch gef\u00fcllt.<\/p>\n<p>Hat die Leichtathletik bisher einen wesentlichen Teil ausgemacht, habe ich nun dieses wichtige Kapitel meines Lebens abgeschlossen. Aber\u00a0 die bisherigen Geschichten in\u00a0 \u201eLeichtathletik\u201c \u00a0bleiben nat\u00fcrlich erhalten.<\/p>\n<p>Gleiches gilt f\u00fcr die Extra-Rubrik, die ich f\u00fcr den Wiener Sportjournalisten Olaf Brockmann eingerichtet habe<\/p>\n<p>Das betrifft\u00a0 auch\u00a0 \u201eNotizen aus Berlin und anderswo\u201c, wo ich auf das eingegangen bin,\u00a0 was sich auf den verschiedenen Gebieten des Lebens abspielte.\u00a0 Dabei war Berlin der Aufh\u00e4nger, weil ich dort in den Jahren 1960 bis 2005 einen wesentlichen Teil meines Lebens verbracht habe.<\/p>\n<p>Ebenfalls weitgehend abgeschlossen ist die Rubrik \u201eKunst und Kultur\u201c, in der ich K\u00fcnstler aller Genres mit ihren Werken vorstelle.<\/p>\n<p><strong>Ich w\u00fcnsche viel Freude beim Lesen und Schauen!<\/strong><\/p>\n<p><a href=\"http:\/\/www.petergrau-leichtathlet.de\/wp-content\/uploads\/2016\/01\/Samstag-SpazierP1020007Pfarrkirch.jpg\"><img loading=\"lazy\" class=\"alignnone size-medium wp-image-740\" src=\"http:\/\/www.petergrau-leichtathlet.de\/wp-content\/uploads\/2016\/01\/Samstag-SpazierP1020007Pfarrkirch-300x225.jpg\" alt=\"Samstag-SpazierP1020007Pfarrkirch\" width=\"300\" height=\"225\" srcset=\"https:\/\/www.petergrau-leichtathlet.de\/wp-content\/uploads\/2016\/01\/Samstag-SpazierP1020007Pfarrkirch-300x225.jpg 300w, https:\/\/www.petergrau-leichtathlet.de\/wp-content\/uploads\/2016\/01\/Samstag-SpazierP1020007Pfarrkirch-1024x768.jpg 1024w, https:\/\/www.petergrau-leichtathlet.de\/wp-content\/uploads\/2016\/01\/Samstag-SpazierP1020007Pfarrkirch.jpg 1920w\" sizes=\"(max-width: 300px) 100vw, 300px\" \/><\/a><\/p>\n\n\n<p>Die Neuruppiner Pfarrkirche<\/p>\n\n\n\n<p>(auf den drei Fotos oben sind zu sehen: Das Brandenburger Tor in Berlin, eine Schneelandschaft am Rande des Neuruppiner Sees und die Klosterkirche Neuruppin (von links nach rechts)<\/p>\n","protected":false},"excerpt":{"rendered":"<p>Auf meiner Homepage findet alles Platz:\u00a0 Geschichten \u00fcber Land und Leute, Reportagen, Tageserlebnisse. Und nat\u00fcrlich viel Eigenes, von fr\u00fcher und heute. Mit dem Jahr 2025 werde ich jedoch eine Z\u00e4sur vornehmen. K\u00fcnftige Beitr\u00e4ge werden fast ausschlie\u00dflich im \u201eTagebuch\u201c erscheinen.\u00a0 Alle anderen Rubriken werden nur noch sporadisch gef\u00fcllt. Hat die Leichtathletik bisher einen wesentlichen Teil ausgemacht, &hellip; <a href=\"https:\/\/www.petergrau-leichtathlet.de\/\" class=\"more-link\"><span class=\"screen-reader-text\">Einladung zum Lesen und Schauen<\/span> weiterlesen <span class=\"meta-nav\">&rarr;<\/span><\/a><\/p>\n","protected":false},"author":1,"featured_media":0,"parent":0,"menu_order":0,"comment_status":"closed","ping_status":"closed","template":"","meta":[],"_links":{"self":[{"href":"https:\/\/www.petergrau-leichtathlet.de\/index.php?rest_route=\/wp\/v2\/pages\/79"}],"collection":[{"href":"https:\/\/www.petergrau-leichtathlet.de\/index.php?rest_route=\/wp\/v2\/pages"}],"about":[{"href":"https:\/\/www.petergrau-leichtathlet.de\/index.php?rest_route=\/wp\/v2\/types\/page"}],"author":[{"embeddable":true,"href":"https:\/\/www.petergrau-leichtathlet.de\/index.php?rest_route=\/wp\/v2\/users\/1"}],"replies":[{"embeddable":true,"href":"https:\/\/www.petergrau-leichtathlet.de\/index.php?rest_route=%2Fwp%2Fv2%2Fcomments&post=79"}],"version-history":[{"count":69,"href":"https:\/\/www.petergrau-leichtathlet.de\/index.php?rest_route=\/wp\/v2\/pages\/79\/revisions"}],"predecessor-version":[{"id":15269,"href":"https:\/\/www.petergrau-leichtathlet.de\/index.php?rest_route=\/wp\/v2\/pages\/79\/revisions\/15269"}],"wp:attachment":[{"href":"https:\/\/www.petergrau-leichtathlet.de\/index.php?rest_route=%2Fwp%2Fv2%2Fmedia&parent=79"}],"curies":[{"name":"wp","href":"https:\/\/api.w.org\/{rel}","templated":true}]}}